{"id":1959,"date":"2025-12-02T23:19:11","date_gmt":"2025-12-02T22:19:11","guid":{"rendered":"https:\/\/shop.we-veg.ch\/product\/wechiis-poekelware-steinpilz-geschmack-180-g\/"},"modified":"2026-04-17T10:25:29","modified_gmt":"2026-04-17T08:25:29","slug":"wechiis-poekelware-steinpilz-geschmack-180-g","status":"publish","type":"product","link":"https:\/\/shop.we-veg.ch\/de\/produkt\/wechiis-poekelware-steinpilz-geschmack-180-g\/","title":{"rendered":"WeChiis &#8211; P\u00f6kelware Steinpilz Geschmack 180 g"},"content":{"rendered":"<h4><strong>Zubereitung von Speisen <\/strong><strong>gew\u00fcrzt <\/strong> <strong>100% pflanzlich auf Basis von Kokosnuss\u00f6l. Pflanzliche Alternative zu gereiftem K\u00e4se.<\/strong><\/h4>\n<p><strong>GESCHMACK VON STEINPILZEN<\/strong><\/p>\n<p><i><span style=\"font-weight: 400;\">Nettogewicht<\/span><\/i><span style=\"font-weight: 400;\">: 180 g<\/span><\/p>\n<p><i><span style=\"font-weight: 400;\">Zutaten<\/span><\/i><span style=\"font-weight: 400;\">Wasser, desodoriertes Bio-Kokos\u00f6l, Kichererbsenmehl, Maisst\u00e4rke, Kartoffelst\u00e4rke, Backpulver in Flocken, nat\u00fcrliches Aroma, getrocknete Steinpilze, Speisesalz, Zitronens\u00e4ure.<\/span><\/p>\n<p>M\u00f6gliche Spuren von Soja, Gluten, Senf und Sesam.<\/p>\n<p>Erh\u00e4ltlich in 5 weiteren Geschmacksrichtungen.<\/p>\n<p><strong>Wie isst man es?  <\/strong>WeChiis begleitet Ihre Aperitifs und wird w\u00e4hrend der Mahlzeit genossen. Sie k\u00f6nnen ihn \u00fcber Ihre Lieblingsgerichte reiben.<\/p>\n<p>Frisches <span style=\"font-weight: 400;\">Produkt<\/span> im K\u00fchlschrank bei \u2264 + 4\u00b0C lagern.<\/p>\n<p><em>Der Versand bei Zimmertemperatur ver\u00e4ndert die Qualit\u00e4t des Produkts nicht.<\/em><\/p>\n","protected":false},"excerpt":{"rendered":"<p>WeChiis &#8211; 100% pflanzliches Kokosnuss\u00f6l f\u00fcr die Zubereitung von Speisen. Steinpilz-Geschmack. Pflanzliche Alternative zu gereiftem K\u00e4se.<\/p>\n","protected":false},"featured_media":1937,"comment_status":"open","ping_status":"closed","template":"","meta":{"_monsterinsights_skip_tracking":false,"_monsterinsights_sitenote_active":false,"_monsterinsights_sitenote_note":"","_monsterinsights_sitenote_category":0},"product_brand":[],"product_cat":[69],"product_tag":[74,70,73,71,72],"class_list":{"0":"post-1959","1":"product","2":"type-product","3":"status-publish","4":"has-post-thumbnail","6":"product_cat-wechiis","7":"product_tag-gemusekase","8":"product_tag-pflanzliches-fast-food","9":"product_tag-pflanzliches-strasenessen","10":"product_tag-veganes-fast-food","11":"product_tag-veganes-strasenessen","13":"first","14":"instock","15":"taxable","16":"shipping-taxable","17":"purchasable","18":"product-type-simple"},"yoast_head":"<!-- This site is optimized with the Yoast SEO plugin v27.3 - https:\/\/yoast.com\/product\/yoast-seo-wordpress\/ -->\n<title>WeChiis - P\u00f6kelware Steinpilz Geschmack 180 g - Shop WeVeg<\/title>\n<meta name=\"description\" content=\"WeChiis die pflanzliche Alternative zu gereiftem K\u00e4se mit Steinpilzen. Ideal f\u00fcr Aperitifs und jeden sch\u00f6nen Moment, den Sie mit wem auch immer teilen m\u00f6chten.\" \/>\n<meta name=\"robots\" content=\"index, follow, max-snippet:-1, max-image-preview:large, max-video-preview:-1\" \/>\n<link rel=\"canonical\" href=\"https:\/\/shop.we-veg.ch\/de\/produkt\/wechiis-poekelware-steinpilz-geschmack-180-g\/\" \/>\n<meta property=\"og:locale\" content=\"de_DE\" \/>\n<meta property=\"og:type\" content=\"article\" \/>\n<meta property=\"og:title\" content=\"WeChiis - P\u00f6kelware Steinpilz Geschmack 180 g - Shop WeVeg\" \/>\n<meta property=\"og:description\" content=\"WeChiis die pflanzliche Alternative zu gereiftem K\u00e4se mit Steinpilzen. Ideal f\u00fcr Aperitifs und jeden sch\u00f6nen Moment, den Sie mit wem auch immer teilen m\u00f6chten.\" \/>\n<meta property=\"og:url\" content=\"https:\/\/shop.we-veg.ch\/de\/produkt\/wechiis-poekelware-steinpilz-geschmack-180-g\/\" \/>\n<meta property=\"og:site_name\" content=\"Shop WeVeg\" \/>\n<meta property=\"article:modified_time\" content=\"2026-04-17T08:25:29+00:00\" \/>\n<meta property=\"og:image\" content=\"https:\/\/shop.we-veg.ch\/wp-content\/uploads\/2025\/12\/WeChiis_porcini_aperto_1-scaled.jpg\" \/>\n\t<meta property=\"og:image:width\" content=\"2560\" \/>\n\t<meta property=\"og:image:height\" content=\"1920\" \/>\n\t<meta property=\"og:image:type\" content=\"image\/jpeg\" \/>\n<meta name=\"twitter:card\" content=\"summary_large_image\" \/>\n<script type=\"application\/ld+json\" class=\"yoast-schema-graph\">{\"@context\":\"https:\\\/\\\/schema.org\",\"@graph\":[{\"@type\":\"WebPage\",\"@id\":\"https:\\\/\\\/shop.we-veg.ch\\\/de\\\/produkt\\\/wechiis-poekelware-steinpilz-geschmack-180-g\\\/\",\"url\":\"https:\\\/\\\/shop.we-veg.ch\\\/de\\\/produkt\\\/wechiis-poekelware-steinpilz-geschmack-180-g\\\/\",\"name\":\"WeChiis - P\u00f6kelware Steinpilz Geschmack 180 g - Shop WeVeg\",\"isPartOf\":{\"@id\":\"https:\\\/\\\/shop.we-veg.ch\\\/de\\\/#website\"},\"primaryImageOfPage\":{\"@id\":\"https:\\\/\\\/shop.we-veg.ch\\\/de\\\/produkt\\\/wechiis-poekelware-steinpilz-geschmack-180-g\\\/#primaryimage\"},\"image\":{\"@id\":\"https:\\\/\\\/shop.we-veg.ch\\\/de\\\/produkt\\\/wechiis-poekelware-steinpilz-geschmack-180-g\\\/#primaryimage\"},\"thumbnailUrl\":\"https:\\\/\\\/shop.we-veg.ch\\\/wp-content\\\/uploads\\\/2025\\\/12\\\/WeChiis_porcini_aperto_1-scaled.jpg\",\"datePublished\":\"2025-12-02T22:19:11+00:00\",\"dateModified\":\"2026-04-17T08:25:29+00:00\",\"description\":\"WeChiis die pflanzliche Alternative zu gereiftem K\u00e4se mit Steinpilzen. Ideal f\u00fcr Aperitifs und jeden sch\u00f6nen Moment, den Sie mit wem auch immer teilen m\u00f6chten.\",\"breadcrumb\":{\"@id\":\"https:\\\/\\\/shop.we-veg.ch\\\/de\\\/produkt\\\/wechiis-poekelware-steinpilz-geschmack-180-g\\\/#breadcrumb\"},\"inLanguage\":\"de\",\"potentialAction\":[{\"@type\":\"ReadAction\",\"target\":[\"https:\\\/\\\/shop.we-veg.ch\\\/de\\\/produkt\\\/wechiis-poekelware-steinpilz-geschmack-180-g\\\/\"]}]},{\"@type\":\"ImageObject\",\"inLanguage\":\"de\",\"@id\":\"https:\\\/\\\/shop.we-veg.ch\\\/de\\\/produkt\\\/wechiis-poekelware-steinpilz-geschmack-180-g\\\/#primaryimage\",\"url\":\"https:\\\/\\\/shop.we-veg.ch\\\/wp-content\\\/uploads\\\/2025\\\/12\\\/WeChiis_porcini_aperto_1-scaled.jpg\",\"contentUrl\":\"https:\\\/\\\/shop.we-veg.ch\\\/wp-content\\\/uploads\\\/2025\\\/12\\\/WeChiis_porcini_aperto_1-scaled.jpg\",\"width\":2560,\"height\":1920},{\"@type\":\"BreadcrumbList\",\"@id\":\"https:\\\/\\\/shop.we-veg.ch\\\/de\\\/produkt\\\/wechiis-poekelware-steinpilz-geschmack-180-g\\\/#breadcrumb\",\"itemListElement\":[{\"@type\":\"ListItem\",\"position\":1,\"name\":\"Home\",\"item\":\"https:\\\/\\\/shop.we-veg.ch\\\/de\\\/\"},{\"@type\":\"ListItem\",\"position\":2,\"name\":\"Shop\",\"item\":\"https:\\\/\\\/shop.we-veg.ch\\\/shop\\\/\"},{\"@type\":\"ListItem\",\"position\":3,\"name\":\"WeChiis &#8211; P\u00f6kelware Steinpilz Geschmack 180 g\"}]},{\"@type\":\"WebSite\",\"@id\":\"https:\\\/\\\/shop.we-veg.ch\\\/de\\\/#website\",\"url\":\"https:\\\/\\\/shop.we-veg.ch\\\/de\\\/\",\"name\":\"Shop WeVeg\",\"description\":\"Fast food sano e gustoso\",\"publisher\":{\"@id\":\"https:\\\/\\\/shop.we-veg.ch\\\/de\\\/#organization\"},\"potentialAction\":[{\"@type\":\"SearchAction\",\"target\":{\"@type\":\"EntryPoint\",\"urlTemplate\":\"https:\\\/\\\/shop.we-veg.ch\\\/de\\\/?s={search_term_string}\"},\"query-input\":{\"@type\":\"PropertyValueSpecification\",\"valueRequired\":true,\"valueName\":\"search_term_string\"}}],\"inLanguage\":\"de\"},{\"@type\":\"Organization\",\"@id\":\"https:\\\/\\\/shop.we-veg.ch\\\/de\\\/#organization\",\"name\":\"Shop WeVeg\",\"url\":\"https:\\\/\\\/shop.we-veg.ch\\\/de\\\/\",\"logo\":{\"@type\":\"ImageObject\",\"inLanguage\":\"de\",\"@id\":\"https:\\\/\\\/shop.we-veg.ch\\\/de\\\/#\\\/schema\\\/logo\\\/image\\\/\",\"url\":\"https:\\\/\\\/shop.we-veg.ch\\\/wp-content\\\/uploads\\\/2024\\\/09\\\/WeVeg_Logo_colori.png\",\"contentUrl\":\"https:\\\/\\\/shop.we-veg.ch\\\/wp-content\\\/uploads\\\/2024\\\/09\\\/WeVeg_Logo_colori.png\",\"width\":1019,\"height\":549,\"caption\":\"Shop WeVeg\"},\"image\":{\"@id\":\"https:\\\/\\\/shop.we-veg.ch\\\/de\\\/#\\\/schema\\\/logo\\\/image\\\/\"}}]}<\/script>\n<!-- \/ Yoast SEO plugin. -->","yoast_head_json":{"title":"WeChiis - P\u00f6kelware Steinpilz Geschmack 180 g - Shop WeVeg","description":"WeChiis die pflanzliche Alternative zu gereiftem K\u00e4se mit Steinpilzen. Ideal f\u00fcr Aperitifs und jeden sch\u00f6nen Moment, den Sie mit wem auch immer teilen m\u00f6chten.","robots":{"index":"index","follow":"follow","max-snippet":"max-snippet:-1","max-image-preview":"max-image-preview:large","max-video-preview":"max-video-preview:-1"},"canonical":"https:\/\/shop.we-veg.ch\/de\/produkt\/wechiis-poekelware-steinpilz-geschmack-180-g\/","og_locale":"de_DE","og_type":"article","og_title":"WeChiis - P\u00f6kelware Steinpilz Geschmack 180 g - Shop WeVeg","og_description":"WeChiis die pflanzliche Alternative zu gereiftem K\u00e4se mit Steinpilzen. Ideal f\u00fcr Aperitifs und jeden sch\u00f6nen Moment, den Sie mit wem auch immer teilen m\u00f6chten.","og_url":"https:\/\/shop.we-veg.ch\/de\/produkt\/wechiis-poekelware-steinpilz-geschmack-180-g\/","og_site_name":"Shop WeVeg","article_modified_time":"2026-04-17T08:25:29+00:00","og_image":[{"width":2560,"height":1920,"url":"https:\/\/shop.we-veg.ch\/wp-content\/uploads\/2025\/12\/WeChiis_porcini_aperto_1-scaled.jpg","type":"image\/jpeg"}],"twitter_card":"summary_large_image","schema":{"@context":"https:\/\/schema.org","@graph":[{"@type":"WebPage","@id":"https:\/\/shop.we-veg.ch\/de\/produkt\/wechiis-poekelware-steinpilz-geschmack-180-g\/","url":"https:\/\/shop.we-veg.ch\/de\/produkt\/wechiis-poekelware-steinpilz-geschmack-180-g\/","name":"WeChiis - P\u00f6kelware Steinpilz Geschmack 180 g - Shop WeVeg","isPartOf":{"@id":"https:\/\/shop.we-veg.ch\/de\/#website"},"primaryImageOfPage":{"@id":"https:\/\/shop.we-veg.ch\/de\/produkt\/wechiis-poekelware-steinpilz-geschmack-180-g\/#primaryimage"},"image":{"@id":"https:\/\/shop.we-veg.ch\/de\/produkt\/wechiis-poekelware-steinpilz-geschmack-180-g\/#primaryimage"},"thumbnailUrl":"https:\/\/shop.we-veg.ch\/wp-content\/uploads\/2025\/12\/WeChiis_porcini_aperto_1-scaled.jpg","datePublished":"2025-12-02T22:19:11+00:00","dateModified":"2026-04-17T08:25:29+00:00","description":"WeChiis die pflanzliche Alternative zu gereiftem K\u00e4se mit Steinpilzen. Ideal f\u00fcr Aperitifs und jeden sch\u00f6nen Moment, den Sie mit wem auch immer teilen m\u00f6chten.","breadcrumb":{"@id":"https:\/\/shop.we-veg.ch\/de\/produkt\/wechiis-poekelware-steinpilz-geschmack-180-g\/#breadcrumb"},"inLanguage":"de","potentialAction":[{"@type":"ReadAction","target":["https:\/\/shop.we-veg.ch\/de\/produkt\/wechiis-poekelware-steinpilz-geschmack-180-g\/"]}]},{"@type":"ImageObject","inLanguage":"de","@id":"https:\/\/shop.we-veg.ch\/de\/produkt\/wechiis-poekelware-steinpilz-geschmack-180-g\/#primaryimage","url":"https:\/\/shop.we-veg.ch\/wp-content\/uploads\/2025\/12\/WeChiis_porcini_aperto_1-scaled.jpg","contentUrl":"https:\/\/shop.we-veg.ch\/wp-content\/uploads\/2025\/12\/WeChiis_porcini_aperto_1-scaled.jpg","width":2560,"height":1920},{"@type":"BreadcrumbList","@id":"https:\/\/shop.we-veg.ch\/de\/produkt\/wechiis-poekelware-steinpilz-geschmack-180-g\/#breadcrumb","itemListElement":[{"@type":"ListItem","position":1,"name":"Home","item":"https:\/\/shop.we-veg.ch\/de\/"},{"@type":"ListItem","position":2,"name":"Shop","item":"https:\/\/shop.we-veg.ch\/shop\/"},{"@type":"ListItem","position":3,"name":"WeChiis &#8211; P\u00f6kelware Steinpilz Geschmack 180 g"}]},{"@type":"WebSite","@id":"https:\/\/shop.we-veg.ch\/de\/#website","url":"https:\/\/shop.we-veg.ch\/de\/","name":"Shop WeVeg","description":"Fast food sano e gustoso","publisher":{"@id":"https:\/\/shop.we-veg.ch\/de\/#organization"},"potentialAction":[{"@type":"SearchAction","target":{"@type":"EntryPoint","urlTemplate":"https:\/\/shop.we-veg.ch\/de\/?s={search_term_string}"},"query-input":{"@type":"PropertyValueSpecification","valueRequired":true,"valueName":"search_term_string"}}],"inLanguage":"de"},{"@type":"Organization","@id":"https:\/\/shop.we-veg.ch\/de\/#organization","name":"Shop WeVeg","url":"https:\/\/shop.we-veg.ch\/de\/","logo":{"@type":"ImageObject","inLanguage":"de","@id":"https:\/\/shop.we-veg.ch\/de\/#\/schema\/logo\/image\/","url":"https:\/\/shop.we-veg.ch\/wp-content\/uploads\/2024\/09\/WeVeg_Logo_colori.png","contentUrl":"https:\/\/shop.we-veg.ch\/wp-content\/uploads\/2024\/09\/WeVeg_Logo_colori.png","width":1019,"height":549,"caption":"Shop WeVeg"},"image":{"@id":"https:\/\/shop.we-veg.ch\/de\/#\/schema\/logo\/image\/"}}]}},"_links":{"self":[{"href":"https:\/\/shop.we-veg.ch\/de\/wp-json\/wp\/v2\/product\/1959","targetHints":{"allow":["GET"]}}],"collection":[{"href":"https:\/\/shop.we-veg.ch\/de\/wp-json\/wp\/v2\/product"}],"about":[{"href":"https:\/\/shop.we-veg.ch\/de\/wp-json\/wp\/v2\/types\/product"}],"replies":[{"embeddable":true,"href":"https:\/\/shop.we-veg.ch\/de\/wp-json\/wp\/v2\/comments?post=1959"}],"wp:featuredmedia":[{"embeddable":true,"href":"https:\/\/shop.we-veg.ch\/de\/wp-json\/wp\/v2\/media\/1937"}],"wp:attachment":[{"href":"https:\/\/shop.we-veg.ch\/de\/wp-json\/wp\/v2\/media?parent=1959"}],"wp:term":[{"taxonomy":"product_brand","embeddable":true,"href":"https:\/\/shop.we-veg.ch\/de\/wp-json\/wp\/v2\/product_brand?post=1959"},{"taxonomy":"product_cat","embeddable":true,"href":"https:\/\/shop.we-veg.ch\/de\/wp-json\/wp\/v2\/product_cat?post=1959"},{"taxonomy":"product_tag","embeddable":true,"href":"https:\/\/shop.we-veg.ch\/de\/wp-json\/wp\/v2\/product_tag?post=1959"}],"curies":[{"name":"wp","href":"https:\/\/api.w.org\/{rel}","templated":true}]}}