{"id":1962,"date":"2025-01-21T22:20:03","date_gmt":"2025-01-21T21:20:03","guid":{"rendered":"https:\/\/shop.we-veg.ch\/product\/webab-gemuese-alternative-zum-doener-500g\/"},"modified":"2026-04-17T10:25:29","modified_gmt":"2026-04-17T08:25:29","slug":"webab-gemuese-alternative-zum-doener-500g","status":"publish","type":"product","link":"https:\/\/shop.we-veg.ch\/de\/produkt\/webab-gemuese-alternative-zum-doener-500g\/","title":{"rendered":"WeBab &#8211; Gem\u00fcse-Alternative zum D\u00f6ner 500g"},"content":{"rendered":"<h4><strong>Gebrauchsfertige 100% pflanzliche Lebensmittelzubereitung auf Basis von Soja und nat\u00fcrlichen Aromen. Die pflanzliche Alternative zum klassischen D\u00f6ner.<\/strong><\/h4>\n<p><i><span style=\"font-weight: 400;\">Nettogewicht<\/span><\/i><span style=\"font-weight: 400;\">: 500 g<\/span><\/p>\n<p><i><span style=\"font-weight: 400;\">Zutaten<\/span><\/i><span style=\"font-weight: 400;\">Wasser, dehydrierte SOJABE, Sonnenblumen\u00f6l, Balsamico-Essig, SOJA-Sauce (Wasser, SOJABE, KORN, Salz), Paprika, Kr\u00e4uter und Gew\u00fcrze in unterschiedlichen Anteilen (Lorbeerbl\u00e4tter, Dill, Thymian, Oregano, Majoran, Rosmarin, Petersilie, Salbei, SENAPE-Samen), Zwiebel, Speisesalz, Knoblauch, S\u00e4ureregulator: Zitronens\u00e4ure.<\/span><\/p>\n<p><i><span style=\"font-weight: 400;\">Allergene<\/span><\/i><span style=\"font-weight: 400;\">SOJA, GLUTEN, SENF. Kann Spuren von Sellerie, Sesam und Sulfiten enthalten.<\/span><\/p>\n<p>Auch im <strong>300 g Format<\/strong> erh\u00e4ltlich. <a href=\"https:\/\/shop.we-veg.ch\/de\/produkt\/webab-pflanzliche-alternative-zum-doener-300g\/\">Klicken Sie hier<\/a>.<\/p>\n<p><strong>Wie isst man es?  <\/strong>Er muss nur erhitzt werden und ist sofort fertig. Sein kr\u00e4ftiger Geschmack macht ihn zu einem perfekten Begleiter f\u00fcr Piadinas, Pizza, Sandwiches und Reis. Sie k\u00f6nnen ein Pok\u00e9, eine Bruschetta oder ein einfaches Gericht mit Gem\u00fcse zubereiten.<\/p>\n<p>Vakuumverpackt, Haltbarkeit ab Produktionsdatum: <strong>210 Tage<\/strong>.<\/p>\n<p>Das <span style=\"font-weight: 400;\">vakuumverpackte und<\/span> frische <span style=\"font-weight: 400;\">Produkt<\/span> muss im K\u00fchlschrank bei \u2264 + 4\u00b0C gelagert werden. Nach dem \u00d6ffnen der Packung im K\u00fchlschrank aufbewahren und innerhalb von 3 Tagen verbrauchen.<\/p>\n<p><em>Der Versand bei Zimmertemperatur ver\u00e4ndert die Qualit\u00e4t des Produkts nicht.<\/em><\/p>\n","protected":false},"excerpt":{"rendered":"<p>WeBab &#8211; Gebrauchsfertige 100% pflanzliche Lebensmittelzubereitung auf der Basis von Soja und nat\u00fcrlichen Aromen. Die pflanzliche Alternative zum traditionellen Kebab.<\/p>\n","protected":false},"featured_media":1010,"comment_status":"open","ping_status":"closed","template":"","meta":{"_monsterinsights_skip_tracking":false,"_monsterinsights_sitenote_active":false,"_monsterinsights_sitenote_note":"","_monsterinsights_sitenote_category":0},"product_brand":[],"product_cat":[75],"product_tag":[77,70,73,76,71,72],"class_list":{"0":"post-1962","1":"product","2":"type-product","3":"status-publish","4":"has-post-thumbnail","6":"product_cat-webab","7":"product_tag-gemuse-kebab","8":"product_tag-pflanzliches-fast-food","9":"product_tag-pflanzliches-strasenessen","10":"product_tag-veganer-kebab","11":"product_tag-veganes-fast-food","12":"product_tag-veganes-strasenessen","14":"first","15":"instock","16":"taxable","17":"shipping-taxable","18":"purchasable","19":"product-type-simple"},"yoast_head":"<!-- This site is optimized with the Yoast SEO plugin v27.3 - https:\/\/yoast.com\/product\/yoast-seo-wordpress\/ -->\n<title>WeBab - Gem\u00fcse-Alternative zum D\u00f6ner 500g - Shop WeVeg<\/title>\n<meta name=\"robots\" content=\"index, follow, max-snippet:-1, max-image-preview:large, max-video-preview:-1\" \/>\n<link rel=\"canonical\" href=\"https:\/\/shop.we-veg.ch\/de\/produkt\/webab-gemuese-alternative-zum-doener-500g\/\" \/>\n<meta property=\"og:locale\" content=\"de_DE\" \/>\n<meta property=\"og:type\" content=\"article\" \/>\n<meta property=\"og:title\" content=\"WeBab - Gem\u00fcse-Alternative zum D\u00f6ner 500g - Shop WeVeg\" \/>\n<meta property=\"og:description\" content=\"WeBab - Gebrauchsfertige 100% pflanzliche Lebensmittelzubereitung auf der Basis von Soja und nat\u00fcrlichen Aromen. Die pflanzliche Alternative zum traditionellen Kebab.\" \/>\n<meta property=\"og:url\" content=\"https:\/\/shop.we-veg.ch\/de\/produkt\/webab-gemuese-alternative-zum-doener-500g\/\" \/>\n<meta property=\"og:site_name\" content=\"Shop WeVeg\" \/>\n<meta property=\"article:modified_time\" content=\"2026-04-17T08:25:29+00:00\" \/>\n<meta property=\"og:image\" content=\"https:\/\/shop.we-veg.ch\/wp-content\/uploads\/2025\/01\/WeBab_piatto_maio_1-scaled.jpeg\" \/>\n\t<meta property=\"og:image:width\" content=\"2560\" \/>\n\t<meta property=\"og:image:height\" content=\"1957\" \/>\n\t<meta property=\"og:image:type\" content=\"image\/jpeg\" \/>\n<meta name=\"twitter:card\" content=\"summary_large_image\" \/>\n<meta name=\"twitter:label1\" content=\"Gesch\u00e4tzte Lesezeit\" \/>\n\t<meta name=\"twitter:data1\" content=\"1\u00a0Minute\" \/>\n<script type=\"application\/ld+json\" class=\"yoast-schema-graph\">{\"@context\":\"https:\\\/\\\/schema.org\",\"@graph\":[{\"@type\":\"WebPage\",\"@id\":\"https:\\\/\\\/shop.we-veg.ch\\\/de\\\/produkt\\\/webab-gemuese-alternative-zum-doener-500g\\\/\",\"url\":\"https:\\\/\\\/shop.we-veg.ch\\\/de\\\/produkt\\\/webab-gemuese-alternative-zum-doener-500g\\\/\",\"name\":\"WeBab - Gem\u00fcse-Alternative zum D\u00f6ner 500g - Shop WeVeg\",\"isPartOf\":{\"@id\":\"https:\\\/\\\/shop.we-veg.ch\\\/de\\\/#website\"},\"primaryImageOfPage\":{\"@id\":\"https:\\\/\\\/shop.we-veg.ch\\\/de\\\/produkt\\\/webab-gemuese-alternative-zum-doener-500g\\\/#primaryimage\"},\"image\":{\"@id\":\"https:\\\/\\\/shop.we-veg.ch\\\/de\\\/produkt\\\/webab-gemuese-alternative-zum-doener-500g\\\/#primaryimage\"},\"thumbnailUrl\":\"https:\\\/\\\/shop.we-veg.ch\\\/wp-content\\\/uploads\\\/2025\\\/01\\\/WeBab_piatto_maio_1-scaled.jpeg\",\"datePublished\":\"2025-01-21T21:20:03+00:00\",\"dateModified\":\"2026-04-17T08:25:29+00:00\",\"breadcrumb\":{\"@id\":\"https:\\\/\\\/shop.we-veg.ch\\\/de\\\/produkt\\\/webab-gemuese-alternative-zum-doener-500g\\\/#breadcrumb\"},\"inLanguage\":\"de\",\"potentialAction\":[{\"@type\":\"ReadAction\",\"target\":[\"https:\\\/\\\/shop.we-veg.ch\\\/de\\\/produkt\\\/webab-gemuese-alternative-zum-doener-500g\\\/\"]}]},{\"@type\":\"ImageObject\",\"inLanguage\":\"de\",\"@id\":\"https:\\\/\\\/shop.we-veg.ch\\\/de\\\/produkt\\\/webab-gemuese-alternative-zum-doener-500g\\\/#primaryimage\",\"url\":\"https:\\\/\\\/shop.we-veg.ch\\\/wp-content\\\/uploads\\\/2025\\\/01\\\/WeBab_piatto_maio_1-scaled.jpeg\",\"contentUrl\":\"https:\\\/\\\/shop.we-veg.ch\\\/wp-content\\\/uploads\\\/2025\\\/01\\\/WeBab_piatto_maio_1-scaled.jpeg\",\"width\":2560,\"height\":1957},{\"@type\":\"BreadcrumbList\",\"@id\":\"https:\\\/\\\/shop.we-veg.ch\\\/de\\\/produkt\\\/webab-gemuese-alternative-zum-doener-500g\\\/#breadcrumb\",\"itemListElement\":[{\"@type\":\"ListItem\",\"position\":1,\"name\":\"Home\",\"item\":\"https:\\\/\\\/shop.we-veg.ch\\\/de\\\/\"},{\"@type\":\"ListItem\",\"position\":2,\"name\":\"Shop\",\"item\":\"https:\\\/\\\/shop.we-veg.ch\\\/shop\\\/\"},{\"@type\":\"ListItem\",\"position\":3,\"name\":\"WeBab &#8211; Gem\u00fcse-Alternative zum D\u00f6ner 500g\"}]},{\"@type\":\"WebSite\",\"@id\":\"https:\\\/\\\/shop.we-veg.ch\\\/de\\\/#website\",\"url\":\"https:\\\/\\\/shop.we-veg.ch\\\/de\\\/\",\"name\":\"Shop WeVeg\",\"description\":\"Fast food sano e gustoso\",\"publisher\":{\"@id\":\"https:\\\/\\\/shop.we-veg.ch\\\/de\\\/#organization\"},\"potentialAction\":[{\"@type\":\"SearchAction\",\"target\":{\"@type\":\"EntryPoint\",\"urlTemplate\":\"https:\\\/\\\/shop.we-veg.ch\\\/de\\\/?s={search_term_string}\"},\"query-input\":{\"@type\":\"PropertyValueSpecification\",\"valueRequired\":true,\"valueName\":\"search_term_string\"}}],\"inLanguage\":\"de\"},{\"@type\":\"Organization\",\"@id\":\"https:\\\/\\\/shop.we-veg.ch\\\/de\\\/#organization\",\"name\":\"Shop WeVeg\",\"url\":\"https:\\\/\\\/shop.we-veg.ch\\\/de\\\/\",\"logo\":{\"@type\":\"ImageObject\",\"inLanguage\":\"de\",\"@id\":\"https:\\\/\\\/shop.we-veg.ch\\\/de\\\/#\\\/schema\\\/logo\\\/image\\\/\",\"url\":\"https:\\\/\\\/shop.we-veg.ch\\\/wp-content\\\/uploads\\\/2024\\\/09\\\/WeVeg_Logo_colori.png\",\"contentUrl\":\"https:\\\/\\\/shop.we-veg.ch\\\/wp-content\\\/uploads\\\/2024\\\/09\\\/WeVeg_Logo_colori.png\",\"width\":1019,\"height\":549,\"caption\":\"Shop WeVeg\"},\"image\":{\"@id\":\"https:\\\/\\\/shop.we-veg.ch\\\/de\\\/#\\\/schema\\\/logo\\\/image\\\/\"}}]}<\/script>\n<!-- \/ Yoast SEO plugin. -->","yoast_head_json":{"title":"WeBab - Gem\u00fcse-Alternative zum D\u00f6ner 500g - Shop WeVeg","robots":{"index":"index","follow":"follow","max-snippet":"max-snippet:-1","max-image-preview":"max-image-preview:large","max-video-preview":"max-video-preview:-1"},"canonical":"https:\/\/shop.we-veg.ch\/de\/produkt\/webab-gemuese-alternative-zum-doener-500g\/","og_locale":"de_DE","og_type":"article","og_title":"WeBab - Gem\u00fcse-Alternative zum D\u00f6ner 500g - Shop WeVeg","og_description":"WeBab - Gebrauchsfertige 100% pflanzliche Lebensmittelzubereitung auf der Basis von Soja und nat\u00fcrlichen Aromen. Die pflanzliche Alternative zum traditionellen Kebab.","og_url":"https:\/\/shop.we-veg.ch\/de\/produkt\/webab-gemuese-alternative-zum-doener-500g\/","og_site_name":"Shop WeVeg","article_modified_time":"2026-04-17T08:25:29+00:00","og_image":[{"width":2560,"height":1957,"url":"https:\/\/shop.we-veg.ch\/wp-content\/uploads\/2025\/01\/WeBab_piatto_maio_1-scaled.jpeg","type":"image\/jpeg"}],"twitter_card":"summary_large_image","twitter_misc":{"Gesch\u00e4tzte Lesezeit":"1\u00a0Minute"},"schema":{"@context":"https:\/\/schema.org","@graph":[{"@type":"WebPage","@id":"https:\/\/shop.we-veg.ch\/de\/produkt\/webab-gemuese-alternative-zum-doener-500g\/","url":"https:\/\/shop.we-veg.ch\/de\/produkt\/webab-gemuese-alternative-zum-doener-500g\/","name":"WeBab - Gem\u00fcse-Alternative zum D\u00f6ner 500g - Shop WeVeg","isPartOf":{"@id":"https:\/\/shop.we-veg.ch\/de\/#website"},"primaryImageOfPage":{"@id":"https:\/\/shop.we-veg.ch\/de\/produkt\/webab-gemuese-alternative-zum-doener-500g\/#primaryimage"},"image":{"@id":"https:\/\/shop.we-veg.ch\/de\/produkt\/webab-gemuese-alternative-zum-doener-500g\/#primaryimage"},"thumbnailUrl":"https:\/\/shop.we-veg.ch\/wp-content\/uploads\/2025\/01\/WeBab_piatto_maio_1-scaled.jpeg","datePublished":"2025-01-21T21:20:03+00:00","dateModified":"2026-04-17T08:25:29+00:00","breadcrumb":{"@id":"https:\/\/shop.we-veg.ch\/de\/produkt\/webab-gemuese-alternative-zum-doener-500g\/#breadcrumb"},"inLanguage":"de","potentialAction":[{"@type":"ReadAction","target":["https:\/\/shop.we-veg.ch\/de\/produkt\/webab-gemuese-alternative-zum-doener-500g\/"]}]},{"@type":"ImageObject","inLanguage":"de","@id":"https:\/\/shop.we-veg.ch\/de\/produkt\/webab-gemuese-alternative-zum-doener-500g\/#primaryimage","url":"https:\/\/shop.we-veg.ch\/wp-content\/uploads\/2025\/01\/WeBab_piatto_maio_1-scaled.jpeg","contentUrl":"https:\/\/shop.we-veg.ch\/wp-content\/uploads\/2025\/01\/WeBab_piatto_maio_1-scaled.jpeg","width":2560,"height":1957},{"@type":"BreadcrumbList","@id":"https:\/\/shop.we-veg.ch\/de\/produkt\/webab-gemuese-alternative-zum-doener-500g\/#breadcrumb","itemListElement":[{"@type":"ListItem","position":1,"name":"Home","item":"https:\/\/shop.we-veg.ch\/de\/"},{"@type":"ListItem","position":2,"name":"Shop","item":"https:\/\/shop.we-veg.ch\/shop\/"},{"@type":"ListItem","position":3,"name":"WeBab &#8211; Gem\u00fcse-Alternative zum D\u00f6ner 500g"}]},{"@type":"WebSite","@id":"https:\/\/shop.we-veg.ch\/de\/#website","url":"https:\/\/shop.we-veg.ch\/de\/","name":"Shop WeVeg","description":"Fast food sano e gustoso","publisher":{"@id":"https:\/\/shop.we-veg.ch\/de\/#organization"},"potentialAction":[{"@type":"SearchAction","target":{"@type":"EntryPoint","urlTemplate":"https:\/\/shop.we-veg.ch\/de\/?s={search_term_string}"},"query-input":{"@type":"PropertyValueSpecification","valueRequired":true,"valueName":"search_term_string"}}],"inLanguage":"de"},{"@type":"Organization","@id":"https:\/\/shop.we-veg.ch\/de\/#organization","name":"Shop WeVeg","url":"https:\/\/shop.we-veg.ch\/de\/","logo":{"@type":"ImageObject","inLanguage":"de","@id":"https:\/\/shop.we-veg.ch\/de\/#\/schema\/logo\/image\/","url":"https:\/\/shop.we-veg.ch\/wp-content\/uploads\/2024\/09\/WeVeg_Logo_colori.png","contentUrl":"https:\/\/shop.we-veg.ch\/wp-content\/uploads\/2024\/09\/WeVeg_Logo_colori.png","width":1019,"height":549,"caption":"Shop WeVeg"},"image":{"@id":"https:\/\/shop.we-veg.ch\/de\/#\/schema\/logo\/image\/"}}]}},"_links":{"self":[{"href":"https:\/\/shop.we-veg.ch\/de\/wp-json\/wp\/v2\/product\/1962","targetHints":{"allow":["GET"]}}],"collection":[{"href":"https:\/\/shop.we-veg.ch\/de\/wp-json\/wp\/v2\/product"}],"about":[{"href":"https:\/\/shop.we-veg.ch\/de\/wp-json\/wp\/v2\/types\/product"}],"replies":[{"embeddable":true,"href":"https:\/\/shop.we-veg.ch\/de\/wp-json\/wp\/v2\/comments?post=1962"}],"wp:featuredmedia":[{"embeddable":true,"href":"https:\/\/shop.we-veg.ch\/de\/wp-json\/wp\/v2\/media\/1010"}],"wp:attachment":[{"href":"https:\/\/shop.we-veg.ch\/de\/wp-json\/wp\/v2\/media?parent=1962"}],"wp:term":[{"taxonomy":"product_brand","embeddable":true,"href":"https:\/\/shop.we-veg.ch\/de\/wp-json\/wp\/v2\/product_brand?post=1962"},{"taxonomy":"product_cat","embeddable":true,"href":"https:\/\/shop.we-veg.ch\/de\/wp-json\/wp\/v2\/product_cat?post=1962"},{"taxonomy":"product_tag","embeddable":true,"href":"https:\/\/shop.we-veg.ch\/de\/wp-json\/wp\/v2\/product_tag?post=1962"}],"curies":[{"name":"wp","href":"https:\/\/api.w.org\/{rel}","templated":true}]}}